{"id":134,"date":"2025-03-23T21:43:33","date_gmt":"2025-03-23T20:43:33","guid":{"rendered":"https:\/\/alpoksystem.hu\/?page_id=134"},"modified":"2025-03-29T17:25:17","modified_gmt":"2025-03-29T16:25:17","slug":"home-and-go-epitesi-rendszer","status":"publish","type":"page","link":"https:\/\/alpoksystem.hu\/en\/home-and-go-epitesi-rendszer\/","title":{"rendered":"Home and Go construction system"},"content":{"rendered":"<section class=\"bde-section-134-126 bde-section\">\n              \n  \n  \n\t\n\n  <div class=\"section-background-overlay\"><\/div>\n\n\n        <div class=\"section-shape-divider-wrapper section-shape-divider-wrapper--1\">\n          <span class=\"section-shape-divider\">\n                      <svg\n                xmlns=\"http:\/\/www.w3.org\/2000\/svg\"\n                viewbox=\"0 0 1440 320\"\n                preserveaspectratio=\"none\"\n            >\n              <path fill=\"currentColor\" fill-opacity=\"1\" d=\"M0,160L120,181.3C240,203,480,245,720,224C960,203,1200,117,1320,74.7L1440,32L1440,320L1320,320C1200,320,960,320,720,320C480,320,240,320,120,320L0,320Z\"><\/path>\n            <\/svg>\n                    <\/span>\n      <\/div>\n  <div class=\"section-container\"><div class=\"bde-columns-134-127 bde-columns\"><div class=\"bde-column-134-128 bde-column\">\n  \n  \n\t\n\n\n\n<div class=\"bde-text-134-129 bde-text\" data-entrance=\"slideLeft\">\nHome and Go construction system\n<\/div>\n<\/div><\/div><\/div>\n<\/section><section class=\"bde-section-134-104 bde-section\">\n  \n  \n\t\n\n\n\n<div class=\"section-container\"><div class=\"bde-columns-134-105 bde-columns\"><div class=\"bde-column-134-106 bde-column\">\n  \n  \n\t\n\n\n\n<h2 class=\"bde-dual-heading-134-107 bde-dual-heading\">\n\n\n            <span data-style=\"secondary\" class=\"dual-heading--secondary  js-annotate\">Home and go<\/span>\n\n\n\n<\/h2><div class=\"bde-text-134-108 bde-text\">\nThe Home and Go construction system is a modern, modular solution that enables fast and efficient execution while providing an energy-efficient and sustainable building technology. Its innovative structure allows for flexible adaptation to individual needs, making it an ideal choice for creating modern homes and commercial buildings.\n<\/div>\n<\/div><div class=\"bde-column-134-109 bde-column\">\n  \n  \n\t\n\n\n\n<div class=\"bde-image-134-110 bde-image\">\n<figure class=\"breakdance-image breakdance-image--142\">\n\t<div class=\"breakdance-image-container\">\n\t\t<div class=\"breakdance-image-clip\"><img loading=\"lazy\" decoding=\"async\" class=\"breakdance-image-object\" src=\"http:\/\/alpoksystem.hu\/wp-content\/uploads\/2025\/03\/alpok_system_szombathely_general_kivitelezes_6.jpg\" width=\"900\" height=\"500\" srcset=\"https:\/\/alpoksystem.hu\/wp-content\/uploads\/2025\/03\/alpok_system_szombathely_general_kivitelezes_6.jpg 900w, https:\/\/alpoksystem.hu\/wp-content\/uploads\/2025\/03\/alpok_system_szombathely_general_kivitelezes_6-300x167.jpg 300w, https:\/\/alpoksystem.hu\/wp-content\/uploads\/2025\/03\/alpok_system_szombathely_general_kivitelezes_6-768x427.jpg 768w\" sizes=\"auto, (max-width: 900px) 100vw, 900px\"><\/div>\n\t<\/div><\/figure>\n\n<\/div><div class=\"bde-image-134-111 bde-image\">\n<figure class=\"breakdance-image breakdance-image--20\">\n\t<div class=\"breakdance-image-container\">\n\t\t<div class=\"breakdance-image-clip\"><img loading=\"lazy\" decoding=\"async\" class=\"breakdance-image-object\" src=\"http:\/\/alpoksystem.hu\/wp-content\/uploads\/2025\/03\/construction-plans-architectural-project.jpg\" width=\"2000\" height=\"1333\" srcset=\"https:\/\/alpoksystem.hu\/wp-content\/uploads\/2025\/03\/construction-plans-architectural-project.jpg 2000w, https:\/\/alpoksystem.hu\/wp-content\/uploads\/2025\/03\/construction-plans-architectural-project-300x200.jpg 300w, https:\/\/alpoksystem.hu\/wp-content\/uploads\/2025\/03\/construction-plans-architectural-project-1024x682.jpg 1024w, https:\/\/alpoksystem.hu\/wp-content\/uploads\/2025\/03\/construction-plans-architectural-project-768x512.jpg 768w, https:\/\/alpoksystem.hu\/wp-content\/uploads\/2025\/03\/construction-plans-architectural-project-1536x1024.jpg 1536w\" sizes=\"auto, (max-width: 2000px) 100vw, 2000px\"><\/div>\n\t<\/div><\/figure>\n\n<\/div><div class=\"bde-image-134-112 bde-image\">\n<figure class=\"breakdance-image breakdance-image--109\">\n\t<div class=\"breakdance-image-container\">\n\t\t<div class=\"breakdance-image-clip\"><img loading=\"lazy\" decoding=\"async\" class=\"breakdance-image-object\" src=\"http:\/\/alpoksystem.hu\/wp-content\/uploads\/2025\/03\/kep_2025-03-23_212535996.png\" width=\"417\" height=\"626\" srcset=\"https:\/\/alpoksystem.hu\/wp-content\/uploads\/2025\/03\/kep_2025-03-23_212535996.png 417w, https:\/\/alpoksystem.hu\/wp-content\/uploads\/2025\/03\/kep_2025-03-23_212535996-200x300.png 200w\" sizes=\"auto, (max-width: 417px) 100vw, 417px\"><\/div>\n\t<\/div><\/figure>\n\n<\/div>\n<\/div><\/div><\/div>\n<\/section><section class=\"bde-section-134-113 bde-section\">\n  \n  \n\t\n\n\n\n<div class=\"section-container\"><div class=\"bde-div-134-114 bde-div\">\n  \n  \n\t\n\n\n\n<div class=\"bde-icon-box-134-115 bde-icon-box\">\n\n    \n            <div class=\"ee-iconbox-icon breakdance-icon-atom\" >\n    \n                    <svg xmlns=\"http:\/\/www.w3.org\/2000\/svg\" width=\"7\" height=\"12\" viewbox=\"0 0 7 12\" fill=\"none\">\r\n<path d=\"M6.09162 0.363636V12H3.63139V2.69886H3.56321L0.898438 4.36932V2.1875L3.77912 0.363636H6.09162Z\" fill=\"#1D1D1D\"\/>\r\n<\/svg>\n        \n        \n        \n            <\/div>\n    \n\n<div class=\"ee-iconbox-content\">\n      <h3 class=\"ee-iconbox-title bde-h3\" >Family homes<\/h3>\n        <div class=\"ee-iconbox-text\" >Construction of premium-quality, energy-efficient, and modern family homes that provide a comfortable and sustainable living space for the entire family, tailored to individual needs.<\/div>\n    <\/div>\n\n<\/div><div class=\"bde-icon-box-134-116 bde-icon-box\">\n\n    \n            <div class=\"ee-iconbox-icon breakdance-icon-atom\" >\n    \n                    <svg xmlns=\"http:\/\/www.w3.org\/2000\/svg\" width=\"9\" height=\"12\" viewbox=\"0 0 9 12\" fill=\"none\">\r\n<path d=\"M0.404119 12V10.2273L4.54616 6.39205C4.89844 6.05114 5.19389 5.74432 5.43253 5.47159C5.67495 5.19886 5.85866 4.93182 5.98366 4.67045C6.10866 4.4053 6.17116 4.11932 6.17116 3.8125C6.17116 3.47159 6.09351 3.17803 5.93821 2.93182C5.78291 2.68182 5.57079 2.49053 5.30185 2.35795C5.03291 2.22159 4.72798 2.15341 4.38707 2.15341C4.03101 2.15341 3.72041 2.22538 3.45526 2.36932C3.1901 2.51326 2.98556 2.7197 2.84162 2.98864C2.69768 3.25758 2.62571 3.57765 2.62571 3.94886H0.290483C0.290483 3.1875 0.462831 2.52652 0.807528 1.96591C1.15223 1.4053 1.63518 0.971591 2.25639 0.664772C2.8776 0.357954 3.59351 0.204545 4.40412 0.204545C5.23745 0.204545 5.96283 0.352272 6.58026 0.647727C7.20147 0.939394 7.68442 1.3447 8.02912 1.86364C8.37382 2.38258 8.54617 2.97727 8.54617 3.64773C8.54617 4.08712 8.45904 4.52083 8.2848 4.94886C8.11435 5.37689 7.80942 5.85227 7.37003 6.375C6.93063 6.89394 6.31132 7.51705 5.51207 8.24432L3.81321 9.90909V9.98864H8.69957V12H0.404119Z\" fill=\"#1D1D1D\"\/>\r\n<\/svg>\n        \n        \n        \n            <\/div>\n    \n\n<div class=\"ee-iconbox-content\">\n      <h3 class=\"ee-iconbox-title bde-h3\" >Industrial facilities<\/h3>\n        <div class=\"ee-iconbox-text\" >Design and construction of high-quality industrial facilities that support businesses' efficient operations with their functionality, durability, and energy efficiency.<\/div>\n    <\/div>\n\n<\/div><div class=\"bde-icon-box-134-117 bde-icon-box\">\n\n    \n            <div class=\"ee-iconbox-icon breakdance-icon-atom\" >\n    \n                    <svg xmlns=\"http:\/\/www.w3.org\/2000\/svg\" width=\"9\" height=\"13\" viewbox=\"0 0 9 13\" fill=\"none\">\r\n<path d=\"M4.47088 12.1591C3.6224 12.1591 2.86671 12.0133 2.20384 11.7216C1.54474 11.4261 1.02391 11.0208 0.641335 10.5057C0.262547 9.98674 0.0674716 9.38826 0.056108 8.71023H2.53338C2.54853 8.99432 2.64134 9.24432 2.81179 9.46023C2.98603 9.67235 3.21709 9.83712 3.50497 9.95455C3.79285 10.072 4.11671 10.1307 4.47656 10.1307C4.85156 10.1307 5.183 10.0644 5.47088 9.93182C5.75876 9.79924 5.98414 9.61553 6.14702 9.38068C6.3099 9.14583 6.39134 8.875 6.39134 8.56818C6.39134 8.25758 6.30421 7.98295 6.12997 7.74432C5.95952 7.50189 5.71331 7.3125 5.39134 7.17614C5.07315 7.03977 4.69437 6.97159 4.25497 6.97159H3.16974V5.16477H4.25497C4.62618 5.16477 4.95384 5.10038 5.23793 4.97159C5.52581 4.8428 5.74929 4.66477 5.90838 4.4375C6.06747 4.20644 6.14702 3.9375 6.14702 3.63068C6.14702 3.33902 6.07694 3.08333 5.93679 2.86364C5.80043 2.64015 5.60724 2.46591 5.35724 2.34091C5.11103 2.21591 4.82315 2.15341 4.49361 2.15341C4.16027 2.15341 3.85535 2.21402 3.57884 2.33523C3.30232 2.45265 3.08073 2.62121 2.91406 2.84091C2.7474 3.06061 2.65838 3.31818 2.64702 3.61364H0.289062C0.300426 2.94318 0.491714 2.35227 0.862926 1.84091C1.23414 1.32955 1.73414 0.929924 2.36293 0.642045C2.9955 0.350378 3.70952 0.204545 4.50497 0.204545C5.308 0.204545 6.01065 0.350378 6.61293 0.642045C7.2152 0.933712 7.683 1.32765 8.01634 1.82386C8.35346 2.31629 8.52012 2.86932 8.51634 3.48295C8.52012 4.13447 8.31747 4.67803 7.90838 5.11364C7.50308 5.54924 6.97467 5.82576 6.32315 5.94318V6.03409C7.17921 6.14394 7.83073 6.44129 8.2777 6.92614C8.72846 7.4072 8.95194 8.00947 8.94815 8.73295C8.95194 9.39583 8.76065 9.98485 8.37429 10.5C7.99171 11.0152 7.46331 11.4205 6.78906 11.7159C6.11482 12.0114 5.34209 12.1591 4.47088 12.1591Z\" fill=\"#1D1D1D\"\/>\r\n<\/svg>\n        \n        \n        \n            <\/div>\n    \n\n<div class=\"ee-iconbox-content\">\n      <h3 class=\"ee-iconbox-title bde-h3\" >Truss roof<\/h3>\n        <div class=\"ee-iconbox-text\" >The truss roof structure is a fast and cost-effective solution, offering exceptional stability and load-bearing capacity, making it ideal for covering family homes, industrial halls, and agricultural buildings.<\/div>\n    <\/div>\n\n<\/div>\n<\/div><\/div>\n<\/section>","protected":false},"excerpt":{"rendered":"<p>Home and go \u00e9p\u00edt\u00e9si rendszer Home and go A Home and Go \u00e9p\u00edt\u00e9si rendszer egy korszer\u0171, modul\u00e1ris megold\u00e1s, amely lehet\u0151v\u00e9 teszi a gyors \u00e9s hat\u00e9kony kivitelez\u00e9st, mik\u00f6zben energiatakar\u00e9kos \u00e9s fenntarthat\u00f3 \u00e9p\u00edt\u00e9si technol\u00f3gi\u00e1t biztos\u00edt. Innovat\u00edv szerkezete r\u00e9v\u00e9n rugalmasan alkalmazkodik az egyedi ig\u00e9nyekhez, \u00edgy ide\u00e1lis v\u00e1laszt\u00e1s modern otthonok \u00e9s \u00fczleti \u00e9p\u00fcletek l\u00e9trehoz\u00e1s\u00e1hoz. Csal\u00e1di h\u00e1zak Pr\u00e9mium min\u0151s\u00e9g\u0171, energiatakar\u00e9kos [&hellip;]<\/p>","protected":false},"author":1,"featured_media":0,"parent":0,"menu_order":0,"comment_status":"closed","ping_status":"closed","template":"","meta":{"_breakdance_hide_in_design_set":false,"_breakdance_tags":"","footnotes":""},"class_list":["post-134","page","type-page","status-publish","hentry"],"_links":{"self":[{"href":"https:\/\/alpoksystem.hu\/en\/wp-json\/wp\/v2\/pages\/134","targetHints":{"allow":["GET"]}}],"collection":[{"href":"https:\/\/alpoksystem.hu\/en\/wp-json\/wp\/v2\/pages"}],"about":[{"href":"https:\/\/alpoksystem.hu\/en\/wp-json\/wp\/v2\/types\/page"}],"author":[{"embeddable":true,"href":"https:\/\/alpoksystem.hu\/en\/wp-json\/wp\/v2\/users\/1"}],"replies":[{"embeddable":true,"href":"https:\/\/alpoksystem.hu\/en\/wp-json\/wp\/v2\/comments?post=134"}],"version-history":[{"count":11,"href":"https:\/\/alpoksystem.hu\/en\/wp-json\/wp\/v2\/pages\/134\/revisions"}],"predecessor-version":[{"id":280,"href":"https:\/\/alpoksystem.hu\/en\/wp-json\/wp\/v2\/pages\/134\/revisions\/280"}],"wp:attachment":[{"href":"https:\/\/alpoksystem.hu\/en\/wp-json\/wp\/v2\/media?parent=134"}],"curies":[{"name":"wp","href":"https:\/\/api.w.org\/{rel}","templated":true}]}}