{"id":136,"date":"2025-03-23T21:44:56","date_gmt":"2025-03-23T20:44:56","guid":{"rendered":"https:\/\/alpoksystem.hu\/?page_id=136"},"modified":"2025-03-29T17:26:04","modified_gmt":"2025-03-29T16:26:04","slug":"epitoipari-kivitelezes","status":"publish","type":"page","link":"https:\/\/alpoksystem.hu\/en\/epitoipari-kivitelezes\/","title":{"rendered":"Construction execution"},"content":{"rendered":"<section class=\"bde-section-136-124 bde-section\">\n              \n  \n  \n\t\n\n  <div class=\"section-background-overlay\"><\/div>\n\n\n        <div class=\"section-shape-divider-wrapper section-shape-divider-wrapper--1\">\n          <span class=\"section-shape-divider\">\n                      <svg\n                xmlns=\"http:\/\/www.w3.org\/2000\/svg\"\n                viewbox=\"0 0 1440 320\"\n                preserveaspectratio=\"none\"\n            >\n              <path fill=\"currentColor\" fill-opacity=\"1\" d=\"M0,160L120,181.3C240,203,480,245,720,224C960,203,1200,117,1320,74.7L1440,32L1440,320L1320,320C1200,320,960,320,720,320C480,320,240,320,120,320L0,320Z\"><\/path>\n            <\/svg>\n                    <\/span>\n      <\/div>\n  <div class=\"section-container\"><div class=\"bde-columns-136-125 bde-columns\"><div class=\"bde-column-136-126 bde-column\">\n  \n  \n\t\n\n\n\n<div class=\"bde-text-136-127 bde-text\" data-entrance=\"slideLeft\">\nConstruction execution\n<\/div>\n<\/div><\/div><\/div>\n<\/section><section class=\"bde-section-136-104 bde-section\">\n  \n  \n\t\n\n\n\n<div class=\"section-container\"><div class=\"bde-columns-136-105 bde-columns\"><div class=\"bde-column-136-106 bde-column\">\n  \n  \n\t\n\n\n\n<h2 class=\"bde-dual-heading-136-107 bde-dual-heading\">\n\n\n            <span data-style=\"primary\" class=\"dual-heading--primary\">Construction<\/span>\n\n            <span data-style=\"secondary\" class=\"dual-heading--secondary  js-annotate\">Execution<\/span>\n\n\n\n<\/h2><div class=\"bde-text-136-108 bde-text\">\nConstruction execution encompasses the complete realization of buildings and other facilities, from planning and foundation work to structural construction and interior finishing. Our goal is to ensure the creation of durable, aesthetic, and energy-efficient buildings using high-quality materials, modern technologies, and precise execution\u2014whether for family homes, industrial halls, or public buildings.\n<\/div>\n<\/div><div class=\"bde-column-136-109 bde-column\">\n  \n  \n\t\n\n\n\n<div class=\"bde-image-136-110 bde-image\">\n<figure class=\"breakdance-image breakdance-image--109\">\n\t<div class=\"breakdance-image-container\">\n\t\t<div class=\"breakdance-image-clip\"><img loading=\"lazy\" decoding=\"async\" class=\"breakdance-image-object\" src=\"http:\/\/alpoksystem.hu\/wp-content\/uploads\/2025\/03\/kep_2025-03-23_212535996.png\" width=\"417\" height=\"626\" srcset=\"https:\/\/alpoksystem.hu\/wp-content\/uploads\/2025\/03\/kep_2025-03-23_212535996.png 417w, https:\/\/alpoksystem.hu\/wp-content\/uploads\/2025\/03\/kep_2025-03-23_212535996-200x300.png 200w\" sizes=\"auto, (max-width: 417px) 100vw, 417px\"><\/div>\n\t<\/div><\/figure>\n\n<\/div><div class=\"bde-image-136-111 bde-image\">\n<figure class=\"breakdance-image breakdance-image--128\">\n\t<div class=\"breakdance-image-container\">\n\t\t<div class=\"breakdance-image-clip\"><img loading=\"lazy\" decoding=\"async\" class=\"breakdance-image-object\" src=\"http:\/\/alpoksystem.hu\/wp-content\/uploads\/2025\/03\/alpok_system_szombathely_general_kivitelezes_4.avif\" width=\"626\" height=\"417\" srcset=\"https:\/\/alpoksystem.hu\/wp-content\/uploads\/2025\/03\/alpok_system_szombathely_general_kivitelezes_4.avif 626w, https:\/\/alpoksystem.hu\/wp-content\/uploads\/2025\/03\/alpok_system_szombathely_general_kivitelezes_4-300x200.jpg 300w\" sizes=\"auto, (max-width: 626px) 100vw, 626px\"><\/div>\n\t<\/div><\/figure>\n\n<\/div><div class=\"bde-image-136-112 bde-image\">\n<figure class=\"breakdance-image breakdance-image--20\">\n\t<div class=\"breakdance-image-container\">\n\t\t<div class=\"breakdance-image-clip\"><img loading=\"lazy\" decoding=\"async\" class=\"breakdance-image-object\" src=\"http:\/\/alpoksystem.hu\/wp-content\/uploads\/2025\/03\/construction-plans-architectural-project.jpg\" width=\"2000\" height=\"1333\" srcset=\"https:\/\/alpoksystem.hu\/wp-content\/uploads\/2025\/03\/construction-plans-architectural-project.jpg 2000w, https:\/\/alpoksystem.hu\/wp-content\/uploads\/2025\/03\/construction-plans-architectural-project-300x200.jpg 300w, https:\/\/alpoksystem.hu\/wp-content\/uploads\/2025\/03\/construction-plans-architectural-project-1024x682.jpg 1024w, https:\/\/alpoksystem.hu\/wp-content\/uploads\/2025\/03\/construction-plans-architectural-project-768x512.jpg 768w, https:\/\/alpoksystem.hu\/wp-content\/uploads\/2025\/03\/construction-plans-architectural-project-1536x1024.jpg 1536w\" sizes=\"auto, (max-width: 2000px) 100vw, 2000px\"><\/div>\n\t<\/div><\/figure>\n\n<\/div>\n<\/div><\/div><\/div>\n<\/section><section class=\"bde-section-136-113 bde-section\">\n  \n  \n\t\n\n\n\n<div class=\"section-container\"><div class=\"bde-div-136-114 bde-div\">\n  \n  \n\t\n\n\n\n<div class=\"bde-icon-box-136-115 bde-icon-box\">\n\n    \n            <div class=\"ee-iconbox-icon breakdance-icon-atom\" >\n    \n                    <svg xmlns=\"http:\/\/www.w3.org\/2000\/svg\" width=\"7\" height=\"12\" viewbox=\"0 0 7 12\" fill=\"none\">\r\n<path d=\"M6.09162 0.363636V12H3.63139V2.69886H3.56321L0.898438 4.36932V2.1875L3.77912 0.363636H6.09162Z\" fill=\"#1D1D1D\"\/>\r\n<\/svg>\n        \n        \n        \n            <\/div>\n    \n\n<div class=\"ee-iconbox-content\">\n      <h3 class=\"ee-iconbox-title bde-h3\" >General contracting<\/h3>\n        <div class=\"ee-iconbox-text\" >General contracting provides a comprehensive construction solution, from planning to turnkey delivery, ensuring quality and adherence to deadlines.<\/div>\n    <\/div>\n\n<\/div><div class=\"bde-icon-box-136-116 bde-icon-box\">\n\n    \n            <div class=\"ee-iconbox-icon breakdance-icon-atom\" >\n    \n                    <svg xmlns=\"http:\/\/www.w3.org\/2000\/svg\" width=\"9\" height=\"12\" viewbox=\"0 0 9 12\" fill=\"none\">\r\n<path d=\"M0.404119 12V10.2273L4.54616 6.39205C4.89844 6.05114 5.19389 5.74432 5.43253 5.47159C5.67495 5.19886 5.85866 4.93182 5.98366 4.67045C6.10866 4.4053 6.17116 4.11932 6.17116 3.8125C6.17116 3.47159 6.09351 3.17803 5.93821 2.93182C5.78291 2.68182 5.57079 2.49053 5.30185 2.35795C5.03291 2.22159 4.72798 2.15341 4.38707 2.15341C4.03101 2.15341 3.72041 2.22538 3.45526 2.36932C3.1901 2.51326 2.98556 2.7197 2.84162 2.98864C2.69768 3.25758 2.62571 3.57765 2.62571 3.94886H0.290483C0.290483 3.1875 0.462831 2.52652 0.807528 1.96591C1.15223 1.4053 1.63518 0.971591 2.25639 0.664772C2.8776 0.357954 3.59351 0.204545 4.40412 0.204545C5.23745 0.204545 5.96283 0.352272 6.58026 0.647727C7.20147 0.939394 7.68442 1.3447 8.02912 1.86364C8.37382 2.38258 8.54617 2.97727 8.54617 3.64773C8.54617 4.08712 8.45904 4.52083 8.2848 4.94886C8.11435 5.37689 7.80942 5.85227 7.37003 6.375C6.93063 6.89394 6.31132 7.51705 5.51207 8.24432L3.81321 9.90909V9.98864H8.69957V12H0.404119Z\" fill=\"#1D1D1D\"\/>\r\n<\/svg>\n        \n        \n        \n            <\/div>\n    \n\n<div class=\"ee-iconbox-content\">\n      <h3 class=\"ee-iconbox-title bde-h3\" >Structural construction works<\/h3>\n        <div class=\"ee-iconbox-text\" >Structural construction works with precise execution and durable, reliable foundations, whether it\u2019s concrete, steel, or wooden structures.<\/div>\n    <\/div>\n\n<\/div><div class=\"bde-icon-box-136-117 bde-icon-box\">\n\n    \n            <div class=\"ee-iconbox-icon breakdance-icon-atom\" >\n    \n                    <svg xmlns=\"http:\/\/www.w3.org\/2000\/svg\" width=\"9\" height=\"13\" viewbox=\"0 0 9 13\" fill=\"none\">\r\n<path d=\"M4.47088 12.1591C3.6224 12.1591 2.86671 12.0133 2.20384 11.7216C1.54474 11.4261 1.02391 11.0208 0.641335 10.5057C0.262547 9.98674 0.0674716 9.38826 0.056108 8.71023H2.53338C2.54853 8.99432 2.64134 9.24432 2.81179 9.46023C2.98603 9.67235 3.21709 9.83712 3.50497 9.95455C3.79285 10.072 4.11671 10.1307 4.47656 10.1307C4.85156 10.1307 5.183 10.0644 5.47088 9.93182C5.75876 9.79924 5.98414 9.61553 6.14702 9.38068C6.3099 9.14583 6.39134 8.875 6.39134 8.56818C6.39134 8.25758 6.30421 7.98295 6.12997 7.74432C5.95952 7.50189 5.71331 7.3125 5.39134 7.17614C5.07315 7.03977 4.69437 6.97159 4.25497 6.97159H3.16974V5.16477H4.25497C4.62618 5.16477 4.95384 5.10038 5.23793 4.97159C5.52581 4.8428 5.74929 4.66477 5.90838 4.4375C6.06747 4.20644 6.14702 3.9375 6.14702 3.63068C6.14702 3.33902 6.07694 3.08333 5.93679 2.86364C5.80043 2.64015 5.60724 2.46591 5.35724 2.34091C5.11103 2.21591 4.82315 2.15341 4.49361 2.15341C4.16027 2.15341 3.85535 2.21402 3.57884 2.33523C3.30232 2.45265 3.08073 2.62121 2.91406 2.84091C2.7474 3.06061 2.65838 3.31818 2.64702 3.61364H0.289062C0.300426 2.94318 0.491714 2.35227 0.862926 1.84091C1.23414 1.32955 1.73414 0.929924 2.36293 0.642045C2.9955 0.350378 3.70952 0.204545 4.50497 0.204545C5.308 0.204545 6.01065 0.350378 6.61293 0.642045C7.2152 0.933712 7.683 1.32765 8.01634 1.82386C8.35346 2.31629 8.52012 2.86932 8.51634 3.48295C8.52012 4.13447 8.31747 4.67803 7.90838 5.11364C7.50308 5.54924 6.97467 5.82576 6.32315 5.94318V6.03409C7.17921 6.14394 7.83073 6.44129 8.2777 6.92614C8.72846 7.4072 8.95194 8.00947 8.94815 8.73295C8.95194 9.39583 8.76065 9.98485 8.37429 10.5C7.99171 11.0152 7.46331 11.4205 6.78906 11.7159C6.11482 12.0114 5.34209 12.1591 4.47088 12.1591Z\" fill=\"#1D1D1D\"\/>\r\n<\/svg>\n        \n        \n        \n            <\/div>\n    \n\n<div class=\"ee-iconbox-content\">\n      <h3 class=\"ee-iconbox-title bde-h3\" >Masonry works<\/h3>\n        <div class=\"ee-iconbox-text\" >Professional masonry works from foundation to wall construction, with precise execution and the use of high-quality materials.<\/div>\n    <\/div>\n\n<\/div>\n<\/div><div class=\"bde-div-136-118 bde-div\">\n  \n  \n\t\n\n\n\n<div class=\"bde-icon-box-136-119 bde-icon-box\">\n\n    \n            <div class=\"ee-iconbox-icon breakdance-icon-atom\" >\n    \n                    <svg xmlns=\"http:\/\/www.w3.org\/2000\/svg\" viewbox=\"0 0 384 512\"><!--! Font Awesome Free 6.5.1 by @fontawesome - https:\/\/fontawesome.com License - https:\/\/fontawesome.com\/license\/free (Icons: CC BY 4.0, Fonts: SIL OFL 1.1, Code: MIT License) Copyright 2023 Fonticons, Inc. --><path d=\"M189 77.6c7.5-16 .7-35.1-15.3-42.6s-35.1-.7-42.6 15.3L3 322.4c-4.7 9.9-3.9 21.5 1.9 30.8S21 368 32 368H256v80c0 17.7 14.3 32 32 32s32-14.3 32-32V368h32c17.7 0 32-14.3 32-32s-14.3-32-32-32H320V160c0-17.7-14.3-32-32-32s-32 14.3-32 32V304H82.4L189 77.6z\"\/><\/svg>\n        \n        \n        \n            <\/div>\n    \n\n<div class=\"ee-iconbox-content\">\n      <h3 class=\"ee-iconbox-title bde-h3\" >Dry construction, painting, and tiling<\/h3>\n        <div class=\"ee-iconbox-text\" >Professional dry construction solutions, painting, and tiling works that provide aesthetic and durable surfaces for homes and commercial properties.<\/div>\n    <\/div>\n\n<\/div><div class=\"bde-icon-box-136-120 bde-icon-box\">\n\n    \n            <div class=\"ee-iconbox-icon breakdance-icon-atom\" >\n    \n                    <svg xmlns=\"http:\/\/www.w3.org\/2000\/svg\" viewbox=\"0 0 320 512\"><!--! Font Awesome Free 6.5.1 by @fontawesome - https:\/\/fontawesome.com License - https:\/\/fontawesome.com\/license\/free (Icons: CC BY 4.0, Fonts: SIL OFL 1.1, Code: MIT License) Copyright 2023 Fonticons, Inc. --><path d=\"M32.5 58.3C35.3 43.1 48.5 32 64 32H256c17.7 0 32 14.3 32 32s-14.3 32-32 32H90.7L70.3 208H184c75.1 0 136 60.9 136 136s-60.9 136-136 136H100.5c-39.4 0-75.4-22.3-93-57.5l-4.1-8.2c-7.9-15.8-1.5-35 14.3-42.9s35-1.5 42.9 14.3l4.1 8.2c6.8 13.6 20.6 22.1 35.8 22.1H184c39.8 0 72-32.2 72-72s-32.2-72-72-72H32c-9.5 0-18.5-4.2-24.6-11.5s-8.6-16.9-6.9-26.2l32-176z\"\/><\/svg>\n        \n        \n        \n            <\/div>\n    \n\n<div class=\"ee-iconbox-content\">\n      <h3 class=\"ee-iconbox-title bde-h3\" >Foundation construction<\/h3>\n        <div class=\"ee-iconbox-text\" >Reliable and precise foundation works that ensure the stability and long-term durability of buildings.<\/div>\n    <\/div>\n\n<\/div><div class=\"bde-icon-box-136-122 bde-icon-box\">\n\n    \n            <div class=\"ee-iconbox-icon breakdance-icon-atom\" >\n    \n                    <svg xmlns=\"http:\/\/www.w3.org\/2000\/svg\" viewbox=\"0 0 320 512\"><!--! Font Awesome Free 6.5.1 by @fontawesome - https:\/\/fontawesome.com License - https:\/\/fontawesome.com\/license\/free (Icons: CC BY 4.0, Fonts: SIL OFL 1.1, Code: MIT License) Copyright 2023 Fonticons, Inc. --><path d=\"M232.4 84.7c11.4-13.5 9.7-33.7-3.8-45.1s-33.7-9.7-45.1 3.8L38.6 214.7C14.7 242.9 1.1 278.4 .1 315.2c0 1.4-.1 2.9-.1 4.3c0 .2 0 .3 0 .5c0 88.4 71.6 160 160 160s160-71.6 160-160c0-85.5-67.1-155.4-151.5-159.8l63.9-75.6zM256 320A96 96 0 1 1 64 320a96 96 0 1 1 192 0z\"\/><\/svg>\n        \n        \n        \n            <\/div>\n    \n\n<div class=\"ee-iconbox-content\">\n      <h3 class=\"ee-iconbox-title bde-h3\" >Construction of family homes<\/h3>\n        <div class=\"ee-iconbox-text\" >Comprehensive family home construction, from planning to turnkey delivery, using modern technologies and high-quality materials for comfortable and energy-efficient homes.<\/div>\n    <\/div>\n\n<\/div>\n<\/div><\/div>\n<\/section>","protected":false},"excerpt":{"rendered":"<p>\u00c9p\u00edt\u0151ipari kivitelez\u00e9s \u00c9p\u00edt\u0151ipari Kivitelez\u00e9s Az \u00e9p\u00edt\u0151ipari kivitelez\u00e9s mag\u00e1ban foglalja az \u00e9p\u00fcletek \u00e9s egy\u00e9b l\u00e9tes\u00edtm\u00e9nyek teljes k\u00f6r\u0171 megval\u00f3s\u00edt\u00e1s\u00e1t, a tervez\u00e9st\u0151l kezdve az alapoz\u00e1son \u00e9s szerkezet\u00e9p\u00edt\u00e9sen \u00e1t a bels\u0151 munk\u00e1latokig. C\u00e9lunk, hogy magas min\u0151s\u00e9g\u0171 alapanyagokkal, korszer\u0171 technol\u00f3gi\u00e1kkal \u00e9s prec\u00edz kivitelez\u00e9ssel biztos\u00edtsuk a tart\u00f3s, eszt\u00e9tikus \u00e9s energiahat\u00e9kony \u00e9p\u00fcletek l\u00e9trehoz\u00e1s\u00e1t, legyen sz\u00f3 csal\u00e1di h\u00e1zakr\u00f3l, ipari csarnokokr\u00f3l vagy k\u00f6z\u00e9p\u00fcletekr\u0151l. Gener\u00e1l [&hellip;]<\/p>","protected":false},"author":1,"featured_media":0,"parent":0,"menu_order":0,"comment_status":"closed","ping_status":"closed","template":"","meta":{"_breakdance_hide_in_design_set":false,"_breakdance_tags":"","footnotes":""},"class_list":["post-136","page","type-page","status-publish","hentry"],"_links":{"self":[{"href":"https:\/\/alpoksystem.hu\/en\/wp-json\/wp\/v2\/pages\/136","targetHints":{"allow":["GET"]}}],"collection":[{"href":"https:\/\/alpoksystem.hu\/en\/wp-json\/wp\/v2\/pages"}],"about":[{"href":"https:\/\/alpoksystem.hu\/en\/wp-json\/wp\/v2\/types\/page"}],"author":[{"embeddable":true,"href":"https:\/\/alpoksystem.hu\/en\/wp-json\/wp\/v2\/users\/1"}],"replies":[{"embeddable":true,"href":"https:\/\/alpoksystem.hu\/en\/wp-json\/wp\/v2\/comments?post=136"}],"version-history":[{"count":12,"href":"https:\/\/alpoksystem.hu\/en\/wp-json\/wp\/v2\/pages\/136\/revisions"}],"predecessor-version":[{"id":282,"href":"https:\/\/alpoksystem.hu\/en\/wp-json\/wp\/v2\/pages\/136\/revisions\/282"}],"wp:attachment":[{"href":"https:\/\/alpoksystem.hu\/en\/wp-json\/wp\/v2\/media?parent=136"}],"curies":[{"name":"wp","href":"https:\/\/api.w.org\/{rel}","templated":true}]}}