{"id":71,"date":"2025-03-22T15:16:38","date_gmt":"2025-03-22T14:16:38","guid":{"rendered":"https:\/\/alpoksystem.hu\/?page_id=71"},"modified":"2026-03-17T20:56:29","modified_gmt":"2026-03-17T19:56:29","slug":"kapcsolat","status":"publish","type":"page","link":"https:\/\/alpoksystem.hu\/en\/kapcsolat\/","title":{"rendered":"Contact"},"content":{"rendered":"<section class=\"bde-section-71-171 bde-section\">\n              \n  \n  \n\t\n\n  <div class=\"section-background-overlay\"><\/div>\n\n\n        <div class=\"section-shape-divider-wrapper section-shape-divider-wrapper--1\">\n          <span class=\"section-shape-divider\">\n                      <svg\n                xmlns=\"http:\/\/www.w3.org\/2000\/svg\"\n                viewbox=\"0 0 1440 320\"\n                preserveaspectratio=\"none\"\n            >\n              <path fill=\"currentColor\" fill-opacity=\"1\" d=\"M0,160L120,181.3C240,203,480,245,720,224C960,203,1200,117,1320,74.7L1440,32L1440,320L1320,320C1200,320,960,320,720,320C480,320,240,320,120,320L0,320Z\"><\/path>\n            <\/svg>\n                    <\/span>\n      <\/div>\n  <div class=\"section-container\"><div class=\"bde-columns-71-172 bde-columns\"><div class=\"bde-column-71-173 bde-column\">\n  \n  \n\t\n\n\n\n<div class=\"bde-text-71-178 bde-text\" data-entrance=\"slideLeft\">\nContact\n<\/div>\n<\/div><\/div><\/div>\n<\/section><section class=\"bde-section-71-114 bde-section\">\n  \n  \n\t\n\n\n\n<div class=\"section-container\"><div class=\"bde-columns-71-115 bde-columns\"><div class=\"bde-column-71-116 bde-column\">\n  \n  \n\t\n\n\n\n<div class=\"bde-icon-71-117 bde-icon\">\n\n    \n            <div class=\"bde-icon-icon breakdance-icon-atom\" >\n    \n                    <svg xmlns=\"http:\/\/www.w3.org\/2000\/svg\" id=\"icon-mail2\" viewbox=\"0 0 32 32\">\n<path d=\"M26.667 0h-21.333c-2.934 0-5.334 2.4-5.334 5.334v21.332c0 2.936 2.4 5.334 5.334 5.334h21.333c2.934 0 5.333-2.398 5.333-5.334v-21.332c0-2.934-2.399-5.334-5.333-5.334zM26.667 4c0.25 0 0.486 0.073 0.688 0.198l-11.355 9.388-11.355-9.387c0.202-0.125 0.439-0.198 0.689-0.198h21.333zM5.334 28c-0.060 0-0.119-0.005-0.178-0.013l7.051-9.78-0.914-0.914-7.293 7.293v-19.098l12 14.512 12-14.512v19.098l-7.293-7.293-0.914 0.914 7.051 9.78c-0.058 0.008-0.117 0.013-0.177 0.013h-21.333z\"\/>\n<\/svg>\n        \n        \n        \n            <\/div>\n    \n\n\n<\/div><h4 class=\"bde-heading-71-118 bde-heading\">\nEmail \n<\/h4><div class=\"bde-rich-text-71-119 bde-rich-text breakdance-rich-text-styles\">\n<p><a href=\"mailto:alpoksystemkft@gmail.com\" target=\"_self\">alpoksystemkft@gmail.com<\/a><\/p>\n<\/div>\n<\/div><div class=\"bde-column-71-120 bde-column\">\n  \n  \n\t\n\n\n\n<div class=\"bde-icon-71-121 bde-icon\">\n\n    \n            <div class=\"bde-icon-icon breakdance-icon-atom\" >\n    \n                    <svg xmlns=\"http:\/\/www.w3.org\/2000\/svg\" viewbox=\"0 0 512 512\"><!-- Font Awesome Free 5.15.1 by @fontawesome - https:\/\/fontawesome.com License - https:\/\/fontawesome.com\/license\/free (Icons: CC BY 4.0, Fonts: SIL OFL 1.1, Code: MIT License) --><path d=\"M497.39 361.8l-112-48a24 24 0 0 0-28 6.9l-49.6 60.6A370.66 370.66 0 0 1 130.6 204.11l60.6-49.6a23.94 23.94 0 0 0 6.9-28l-48-112A24.16 24.16 0 0 0 122.6.61l-104 24A24 24 0 0 0 0 48c0 256.5 207.9 464 464 464a24 24 0 0 0 23.4-18.6l24-104a24.29 24.29 0 0 0-14.01-27.6z\"\/><\/svg>\n        \n        \n        \n            <\/div>\n    \n\n\n<\/div><h4 class=\"bde-heading-71-122 bde-heading\">\nPhone number\n<\/h4><div class=\"bde-rich-text-71-123 bde-rich-text breakdance-rich-text-styles\">\n<p><a href=\"tel:+36 20 991 7536\" target=\"_self\">+36 (20) 991 7536<br \/><\/a><\/p>\n<\/div>\n<\/div><div class=\"bde-column-71-124 bde-column\">\n  \n  \n\t\n\n\n\n<div class=\"bde-icon-71-125 bde-icon\">\n\n    \n            <div class=\"bde-icon-icon breakdance-icon-atom\" >\n    \n                    <svg xmlns=\"http:\/\/www.w3.org\/2000\/svg\" id=\"icon-location\" viewbox=\"0 0 32 32\">\n<path d=\"M16 0c-5.523 0-10 4.477-10 10 0 10 10 22 10 22s10-12 10-22c0-5.523-4.477-10-10-10zM16 16c-3.314 0-6-2.686-6-6s2.686-6 6-6 6 2.686 6 6-2.686 6-6 6z\"\/>\n<\/svg>\n        \n        \n        \n            <\/div>\n    \n\n\n<\/div><h4 class=\"bde-heading-71-126 bde-heading\">\nAddress\n<\/h4><div class=\"bde-rich-text-71-127 bde-rich-text breakdance-rich-text-styles\">\n\n<p><a href=\"https:\/\/www.google.com\/maps\/dir\/\/Szombathely,+Szelestey+L\u00e1szl\u00f3+u.+2,+9700\/@47.2351361,16.6196273,17z\/data=!4m9!4m8!1m0!1m5!1m1!1s0x476eb9b91d492e99:0xd3bcafcfe2e51aed!2m2!1d16.6222022!2d47.2351325!3e0?entry=ttu&g_ep=EgoyMDI1MDMxOS4yIKXMDSoASAFQAw%3D%3D\" target=\"_self\">9700 Szombathely, Szelestey L\u00e1szl\u00f3 u. 2<br \/><\/a><\/p>\n<\/div>\n<\/div><\/div><\/div>\n<\/section><section class=\"bde-section-71-128 bde-section\">\n  \n  \n\t\n\n\n\n<div class=\"section-container\"><div class=\"bde-columns-71-129 bde-columns\"><div class=\"bde-column-71-130 bde-column\">\n  \n  \n\t\n\n\n\n<div class=\"bde-columns-71-131 bde-columns\"><div class=\"bde-column-71-132 bde-column\">\n  \n  \n\t\n\n\n\n<div class=\"bde-shortcode-71-133 bde-shortcode\">\n<iframe src=\"https:\/\/www.google.com\/maps\/embed?pb=!1m18!1m12!1m3!1d2709.0516224494986!2d16.61962727586359!3d47.23513611355584!2m3!1f0!2f0!3f0!3m2!1i1024!2i768!4f13.1!3m3!1m2!1s0x476eb9b91d492e99%3A0xd3bcafcfe2e51aed!2sSzombathely%2C%20Szelestey%20L%C3%A1szl%C3%B3%20u.%202%2C%209700!5e0!3m2!1shu!2shu!4v1742764136614!5m2!1shu!2shu\" width=\"100%\" height=\"480\" style=\"border:0;\" allowfullscreen=\"\" loading=\"lazy\" referrerpolicy=\"no-referrer-when-downgrade\"><\/iframe>\n<\/div>\n<\/div><\/div>\n<\/div><div class=\"bde-column-71-134 bde-column\">\n  \n  \n\t\n\n\n\n<h2 class=\"bde-heading-71-135 bde-heading\">\nGet in touch with us!<br>\n<\/h2><div class=\"bde-rich-text-71-136 bde-rich-text breakdance-rich-text-styles\">\n<p>If you have any questions, feel free to contact us through one of our contact details or by using the contact form.<\/p>\n<\/div><div class=\"bde-form-builder-71-137 bde-form-builder\">\n\n\n<form id=\"contact-form137\" class=\"breakdance-form breakdance-form--vertical\" data-options=\"{&quot;slug&quot;:&quot;custom&quot;,&quot;name&quot;:&quot;Contact Form&quot;,&quot;ajaxUrl&quot;:&quot;https:\\\/\\\/alpoksystem.hu\\\/wp-admin\\\/admin-ajax.php&quot;,&quot;clearOnSuccess&quot;:true,&quot;hideOnSuccess&quot;:false,&quot;successMessage&quot;:&quot;Sikeres \\u00fczenetk\\u00fcld\\u00e9s!&quot;,&quot;errorMessage&quot;:&quot;\\u00dczenetk\\u00fcld\\u00e9s sikertelen.&quot;,&quot;redirect&quot;:false,&quot;redirectUrl&quot;:&quot;&quot;,&quot;customJavaScript&quot;:&quot;&quot;,&quot;recaptcha&quot;:{&quot;key&quot;:&quot;&quot;,&quot;enabled&quot;:false},&quot;honeypot_enabled&quot;:false,&quot;popupsOnSuccess&quot;:[],&quot;popupsOnError&quot;:[]}\" data-steps=\"0\" action=\"\" >\n  \n  \n  \n<div class=\"breakdance-form-field breakdance-form-field--text\" >\n    \n    \n    \n    <input\n    class=\"breakdance-form-field__input\"\n    id=\"name\"\n    aria-describedby=\"name\"\n    type=\"text\"\n    name=\"fields[name]\"\n    placeholder=\"Name\"\n    value=\"\"\n                \n        \n        \n    required\n>\n\n\n    \n    \n<\/div>\n\n\n<div class=\"breakdance-form-field breakdance-form-field--tel\" >\n    \n    \n    \n    <input\n    class=\"breakdance-form-field__input\"\n    id=\"tezedm\"\n    aria-describedby=\"tezedm\"\n    type=\"tel\"\n    name=\"fields[tezedm]\"\n    placeholder=\"Phone number\"\n    value=\"\"\n                \n        \n        \n    required\n>\n\n\n    \n    \n<\/div>\n\n\n<div class=\"breakdance-form-field breakdance-form-field--email\" >\n    \n    \n    \n    <input\n    class=\"breakdance-form-field__input\"\n    id=\"email\"\n    aria-describedby=\"email\"\n    type=\"email\"\n    name=\"fields[email]\"\n    placeholder=\"Email address\"\n    value=\"\"\n                \n        \n        \n    required\n>\n\n\n    \n    \n<\/div>\n\n\n<div class=\"breakdance-form-field breakdance-form-field--textarea\" >\n    \n    \n    \n    <textarea\n    class=\"breakdance-form-field__input\"\n    id=\"message\"\n    aria-describedby=\"message\"\n    type=\"textarea\"\n    name=\"fields[message]\"\n        placeholder=\"Message\"\n    required\n>\n<\/textarea>\n\n\n    \n    \n<\/div>\n\n\n  \n\n<div class=\"breakdance-form-field breakdance-form-footer\">\n    \n    \n                                    \n    \n    \n    \n    \n            \n            <button type=\"submit\" class=\"button-atom button-atom--primary breakdance-form-button breakdance-form-button__submit\"  >\n    \n        <span class=\"button-atom__text\">Send<\/span>\n\n        \n        \n            <\/button>\n    \n    <input type=\"hidden\" name=\"form_id\" value=\"137\">\n    <input type=\"hidden\" name=\"post_id\" value=\"71\">\n<\/div>\n\n  \n<input type=\"hidden\" name=\"trp-form-language\" value=\"en\"\/><\/form>\n\n\n\n<\/div>\n<\/div><\/div><\/div>\n<\/section>","protected":false},"excerpt":{"rendered":"<p>Kapcsolatfelv\u00e9tel Email alpoksystemkft@gmail.com Telefonsz\u00e1m +36 (20) 991 7536 C\u00edm 9700 Szombathely, Szelestey L\u00e1szl\u00f3 u. 2 Vegye fel vel\u00fcnk a kapcsolatot! B\u00e1rmilyen k\u00e9rd\u00e9s eset\u00e9n vegye fel vel\u00fcnk a kapcsolatot el\u00e9rhet\u0151s\u00e9geink egyik\u00e9n vagy a kapcsolatfelv\u00e9teli \u0171rlap seg\u00edts\u00e9g\u00e9vel. K\u00fcld\u00e9s<\/p>","protected":false},"author":1,"featured_media":0,"parent":0,"menu_order":0,"comment_status":"closed","ping_status":"closed","template":"","meta":{"_breakdance_hide_in_design_set":false,"_breakdance_tags":"","footnotes":""},"class_list":["post-71","page","type-page","status-publish","hentry"],"_links":{"self":[{"href":"https:\/\/alpoksystem.hu\/en\/wp-json\/wp\/v2\/pages\/71","targetHints":{"allow":["GET"]}}],"collection":[{"href":"https:\/\/alpoksystem.hu\/en\/wp-json\/wp\/v2\/pages"}],"about":[{"href":"https:\/\/alpoksystem.hu\/en\/wp-json\/wp\/v2\/types\/page"}],"author":[{"embeddable":true,"href":"https:\/\/alpoksystem.hu\/en\/wp-json\/wp\/v2\/users\/1"}],"replies":[{"embeddable":true,"href":"https:\/\/alpoksystem.hu\/en\/wp-json\/wp\/v2\/comments?post=71"}],"version-history":[{"count":26,"href":"https:\/\/alpoksystem.hu\/en\/wp-json\/wp\/v2\/pages\/71\/revisions"}],"predecessor-version":[{"id":289,"href":"https:\/\/alpoksystem.hu\/en\/wp-json\/wp\/v2\/pages\/71\/revisions\/289"}],"wp:attachment":[{"href":"https:\/\/alpoksystem.hu\/en\/wp-json\/wp\/v2\/media?parent=71"}],"curies":[{"name":"wp","href":"https:\/\/api.w.org\/{rel}","templated":true}]}}